{"id":7,"date":"2025-02-07T19:49:33","date_gmt":"2025-02-07T18:49:33","guid":{"rendered":"https:\/\/www.cunaki.de\/huehner_blog\/?page_id=7"},"modified":"2025-02-23T22:19:54","modified_gmt":"2025-02-23T21:19:54","slug":"ueber-den-verein","status":"publish","type":"page","link":"https:\/\/www.cunaki.de\/huehner_blog\/ueber-den-verein\/","title":{"rendered":"\u00fcber den Verein"},"content":{"rendered":"\n<p>SV zur Erhaltung der Zucht rosenk\u00e4mmiger Italiener und rosenk\u00e4mmiger Zwerg Italiener<br><\/p>\n\n\n\n<p>gegr. 1909 von Z\u00fcchtern der Region Sachsen, Sachsen Anhalt und Th\u00fcringen<br><\/p>\n\n\n\n<p>Zuchtziel war und ist neben den rassetypischen Italienermerkmalen der<br>Rosenkaemmiger als fest aufgesetzter Kamm im Vorkamm der Kopfbreite entsprechend, fein geperlt und im Ausgang ein mittellanger Dorn der Nackenlinie folgend ohne auf zu liegen.<br><br>Mit dem Rosenkamm sind unsere Italiener gegen\u00fcber ihren Verwandten im<br>Einfachkamm in rauhen Gegenden wie in unseren widerstandsf\u00e4higer<br>und robuster. Wir im SV sind f\u00fcr alle Fragen offen, unterst\u00fctzen bei Bedarf von Bruteiern, K\u00fcken oder Zuchttieren.<br><br>Das gilt auch f\u00fcr Nichtmitglieder des SV.<br><br>Unsere Veranstaltungen finden Sie auf dem Link <a href=\"https:\/\/www.cunaki.de\/huehner_blog\/termine\/\" data-type=\"page\" data-id=\"10\">Termine\/Veranstaltungen<\/a>.<\/p>\n\n\n\n<div class=\"wp-block-columns is-layout-flex wp-container-core-columns-is-layout-28f84493 wp-block-columns-is-layout-flex\">\n<div class=\"wp-block-column is-layout-flow wp-block-column-is-layout-flow\" style=\"flex-basis:100%\">\n<figure class=\"wp-block-table is-style-stripes has-medium-font-size\"><table><tbody><tr><td><strong>Gez\u00fcchtete Farbenschl\u00e4ge\u00a0<\/strong><\/td><td class=\"has-text-align-center\" data-align=\"center\"><strong>Gro\u00dfe<\/strong><\/td><td class=\"has-text-align-center\" data-align=\"center\"><strong>Zwerge<\/strong><\/td><\/tr><tr><td><\/td><td class=\"has-text-align-center\" data-align=\"center\"><\/td><td class=\"has-text-align-center\" data-align=\"center\"><\/td><\/tr><tr><td>schwarz<\/td><td class=\"has-text-align-center\" data-align=\"center\">x<\/td><td class=\"has-text-align-center\" data-align=\"center\">x<\/td><\/tr><tr><td>blau<\/td><td class=\"has-text-align-center\" data-align=\"center\">x<\/td><td class=\"has-text-align-center\" data-align=\"center\">x<\/td><\/tr><tr><td>wei\u00df<\/td><td class=\"has-text-align-center\" data-align=\"center\">x<\/td><td class=\"has-text-align-center\" data-align=\"center\">x<\/td><\/tr><tr><td>rot<\/td><td class=\"has-text-align-center\" data-align=\"center\"><\/td><td class=\"has-text-align-center\" data-align=\"center\">x<\/td><\/tr><tr><td>goldfarbig<\/td><td class=\"has-text-align-center\" data-align=\"center\">x<\/td><td class=\"has-text-align-center\" data-align=\"center\">x<\/td><\/tr><tr><td>rebhuhnhalsig<\/td><td class=\"has-text-align-center\" data-align=\"center\">x<\/td><td class=\"has-text-align-center\" data-align=\"center\">x<\/td><\/tr><tr><td>gestreift<\/td><td class=\"has-text-align-center\" data-align=\"center\">x<\/td><td class=\"has-text-align-center\" data-align=\"center\">x<\/td><\/tr><tr><td>rotgesattelt<\/td><td class=\"has-text-align-center\" data-align=\"center\"><\/td><td class=\"has-text-align-center\" data-align=\"center\">x<\/td><\/tr><tr><td>kennfarbige<\/td><td class=\"has-text-align-center\" data-align=\"center\">x<\/td><td class=\"has-text-align-center\" data-align=\"center\"><\/td><\/tr><tr><td>schwarz weiss gescheckt<\/td><td class=\"has-text-align-center\" data-align=\"center\">x<\/td><td class=\"has-text-align-center\" data-align=\"center\">x<\/td><\/tr><tr><td>silberfarbig<\/td><td class=\"has-text-align-center\" data-align=\"center\"><\/td><td class=\"has-text-align-center\" data-align=\"center\">x<\/td><\/tr><tr><td>orangehalsig<\/td><td class=\"has-text-align-center\" data-align=\"center\">x<\/td><td class=\"has-text-align-center\" data-align=\"center\">x<\/td><\/tr><tr><td>goldbraun-porzellanfarbig<\/td><td class=\"has-text-align-center\" data-align=\"center\">x<\/td><td class=\"has-text-align-center\" data-align=\"center\">x<\/td><\/tr><tr><td>blau goldfarbig<\/td><td class=\"has-text-align-center\" data-align=\"center\">x<\/td><td class=\"has-text-align-center\" data-align=\"center\">x<\/td><\/tr><tr><td>gold blau ges\u00e4umt<\/td><td class=\"has-text-align-center\" data-align=\"center\">x<\/td><td class=\"has-text-align-center\" data-align=\"center\"><\/td><\/tr><tr><td>gold schwarz ges\u00e4umt<\/td><td class=\"has-text-align-center\" data-align=\"center\">x<\/td><td class=\"has-text-align-center\" data-align=\"center\"><\/td><\/tr><tr><td>perlgrau orange<\/td><td class=\"has-text-align-center\" data-align=\"center\">x<\/td><td class=\"has-text-align-center\" data-align=\"center\">x<\/td><\/tr><tr><td>weiss schwarz columbia<\/td><td class=\"has-text-align-center\" data-align=\"center\"><\/td><td class=\"has-text-align-center\" data-align=\"center\">x<\/td><\/tr><tr><td>weiss blau columbia (AOC)&nbsp;<\/td><td class=\"has-text-align-center\" data-align=\"center\"><\/td><td class=\"has-text-align-center\" data-align=\"center\">x<\/td><\/tr><tr><td>blau orangefarbig<\/td><td class=\"has-text-align-center\" data-align=\"center\"><\/td><td class=\"has-text-align-center\" data-align=\"center\">x<\/td><\/tr><\/tbody><\/table><\/figure>\n<\/div>\n<\/div>\n","protected":false},"excerpt":{"rendered":"<p>SV zur Erhaltung der Zucht rosenk\u00e4mmiger Italiener und rosenk\u00e4mmiger Zwerg Italiener gegr. 1909 von Z\u00fcchtern der Region Sachsen, Sachsen Anhalt und Th\u00fcringen Zuchtziel war und ist neben den rassetypischen Italienermerkmalen derRosenkaemmiger als fest aufgesetzter Kamm im Vorkamm der Kopfbreite entsprechend, fein geperlt und im Ausgang ein mittellanger Dorn der Nackenlinie folgend ohne auf zu liegen. [&hellip;]<\/p>\n","protected":false},"author":1,"featured_media":0,"parent":0,"menu_order":0,"comment_status":"closed","ping_status":"closed","template":"","meta":{"footnotes":""},"class_list":["post-7","page","type-page","status-publish","hentry"],"_links":{"self":[{"href":"https:\/\/www.cunaki.de\/huehner_blog\/wp-json\/wp\/v2\/pages\/7","targetHints":{"allow":["GET"]}}],"collection":[{"href":"https:\/\/www.cunaki.de\/huehner_blog\/wp-json\/wp\/v2\/pages"}],"about":[{"href":"https:\/\/www.cunaki.de\/huehner_blog\/wp-json\/wp\/v2\/types\/page"}],"author":[{"embeddable":true,"href":"https:\/\/www.cunaki.de\/huehner_blog\/wp-json\/wp\/v2\/users\/1"}],"replies":[{"embeddable":true,"href":"https:\/\/www.cunaki.de\/huehner_blog\/wp-json\/wp\/v2\/comments?post=7"}],"version-history":[{"count":6,"href":"https:\/\/www.cunaki.de\/huehner_blog\/wp-json\/wp\/v2\/pages\/7\/revisions"}],"predecessor-version":[{"id":86,"href":"https:\/\/www.cunaki.de\/huehner_blog\/wp-json\/wp\/v2\/pages\/7\/revisions\/86"}],"wp:attachment":[{"href":"https:\/\/www.cunaki.de\/huehner_blog\/wp-json\/wp\/v2\/media?parent=7"}],"curies":[{"name":"wp","href":"https:\/\/api.w.org\/{rel}","templated":true}]}}